{"id":48659,"date":"2023-01-02T17:33:16","date_gmt":"2023-01-02T16:33:16","guid":{"rendered":"https:\/\/wit.lukasiewicz.gov.pl\/shop\/"},"modified":"2025-01-02T01:41:52","modified_gmt":"2025-01-02T00:41:52","slug":"shop","status":"publish","type":"page","link":"https:\/\/wit.lukasiewicz.gov.pl\/en\/shop\/","title":{"rendered":"Shop"},"content":{"rendered":"\t\t<div data-elementor-type=\"wp-page\" data-elementor-id=\"48659\" class=\"elementor elementor-48659 elementor-27692\" data-elementor-post-type=\"page\">\n\t\t\t\t\t\t<section class=\"elementor-section elementor-top-section elementor-element elementor-element-a56ad95 elementor-section-boxed elementor-section-height-default elementor-section-height-default\" data-id=\"a56ad95\" data-element_type=\"section\" data-e-type=\"section\">\n\t\t\t\t\t\t<div class=\"elementor-container elementor-column-gap-default\">\n\t\t\t\t\t<div class=\"elementor-column elementor-col-100 elementor-top-column elementor-element elementor-element-35bdff1\" data-id=\"35bdff1\" data-element_type=\"column\" data-e-type=\"column\">\n\t\t\t<div class=\"elementor-widget-wrap elementor-element-populated\">\n\t\t\t\t\t\t<div class=\"elementor-element elementor-element-5345a8c elementor-widget__width-auto elementor-widget elementor-widget-heading\" data-id=\"5345a8c\" data-element_type=\"widget\" data-e-type=\"widget\" data-widget_type=\"heading.default\">\n\t\t\t\t<div class=\"elementor-widget-container\">\n\t\t\t\t\t<p class=\"elementor-heading-title elementor-size-small\">SHOP<\/p>\t\t\t\t<\/div>\n\t\t\t\t<\/div>\n\t\t\t\t<div class=\"elementor-element elementor-element-b34521e elementor-widget elementor-widget-heading\" data-id=\"b34521e\" data-element_type=\"widget\" data-e-type=\"widget\" data-widget_type=\"heading.default\">\n\t\t\t\t<div class=\"elementor-widget-container\">\n\t\t\t\t\t<h2 class=\"elementor-heading-title elementor-size-default\">Shop<\/h2>\t\t\t\t<\/div>\n\t\t\t\t<\/div>\n\t\t\t\t\t<\/div>\n\t\t<\/div>\n\t\t\t\t\t<\/div>\n\t\t<\/section>\n\t\t\t\t<section class=\"elementor-section elementor-inner-section elementor-element elementor-element-421ff976 elementor-section-boxed elementor-section-height-default elementor-section-height-default\" data-id=\"421ff976\" data-element_type=\"section\" data-e-type=\"section\">\n\t\t\t\t\t\t<div class=\"elementor-container elementor-column-gap-default\">\n\t\t\t\t\t<div class=\"elementor-column elementor-col-33 elementor-inner-column elementor-element elementor-element-272ce461\" data-id=\"272ce461\" data-element_type=\"column\" data-e-type=\"column\">\n\t\t\t<div class=\"elementor-widget-wrap elementor-element-populated\">\n\t\t\t\t\t\t<div class=\"elementor-element elementor-element-208f3783 elementor-position-top elementor-widget elementor-widget-image-box\" data-id=\"208f3783\" data-element_type=\"widget\" data-e-type=\"widget\" data-widget_type=\"image-box.default\">\n\t\t\t\t<div class=\"elementor-widget-container\">\n\t\t\t\t\t<div class=\"elementor-image-box-wrapper\"><figure class=\"elementor-image-box-img\"><a href=\"https:\/\/wit.lukasiewicz.gov.pl\/sklep\/technika-wzbogacania-grawitacyjnego-separatory-powietrzno-wibracyjne-typu-fgx\/\" target=\"_blank\" tabindex=\"-1\"><img fetchpriority=\"high\" decoding=\"async\" width=\"225\" height=\"310\" src=\"https:\/\/wit.lukasiewicz.gov.pl\/wp-content\/uploads\/sites\/17\/2023\/01\/monografia.png\" class=\"attachment-full size-full wp-image-39460\" alt=\"\" srcset=\"https:\/\/wit.lukasiewicz.gov.pl\/wp-content\/uploads\/sites\/17\/2023\/01\/monografia.png 225w, https:\/\/wit.lukasiewicz.gov.pl\/wp-content\/uploads\/sites\/17\/2023\/01\/monografia-218x300.png 218w\" sizes=\"(max-width: 225px) 100vw, 225px\" \/><\/a><\/figure><div class=\"elementor-image-box-content\"><h3 class=\"elementor-image-box-title\"><a href=\"https:\/\/wit.lukasiewicz.gov.pl\/sklep\/technika-wzbogacania-grawitacyjnego-separatory-powietrzno-wibracyjne-typu-fgx\/\" target=\"_blank\">Technika wzbogacania grawitacyjnego. Separatory powietrzno-wibracyjne typu FGX <\/a><\/h3><\/div><\/div>\t\t\t\t<\/div>\n\t\t\t\t<\/div>\n\t\t\t\t\t<\/div>\n\t\t<\/div>\n\t\t\t\t<div class=\"elementor-column elementor-col-33 elementor-inner-column elementor-element elementor-element-71c1c3e7\" data-id=\"71c1c3e7\" data-element_type=\"column\" data-e-type=\"column\">\n\t\t\t<div class=\"elementor-widget-wrap elementor-element-populated\">\n\t\t\t\t\t\t<div class=\"elementor-element elementor-element-70f88b0d elementor-position-top elementor-widget elementor-widget-image-box\" data-id=\"70f88b0d\" data-element_type=\"widget\" data-e-type=\"widget\" data-widget_type=\"image-box.default\">\n\t\t\t\t<div class=\"elementor-widget-container\">\n\t\t\t\t\t<div class=\"elementor-image-box-wrapper\"><figure class=\"elementor-image-box-img\"><a href=\"https:\/\/wit.lukasiewicz.gov.pl\/sklep\/wydobycie-i-produkcja-drobnych-frakcji-kruszyw-naturalnych-oraz-technologie-ich-zagospodarowania\/\" target=\"_blank\" tabindex=\"-1\"><img decoding=\"async\" width=\"225\" height=\"310\" src=\"https:\/\/wit.lukasiewicz.gov.pl\/wp-content\/uploads\/sites\/17\/2023\/01\/okladka_wydobycie_imbigs.jpg\" class=\"attachment-full size-full wp-image-39461\" alt=\"\" srcset=\"https:\/\/wit.lukasiewicz.gov.pl\/wp-content\/uploads\/sites\/17\/2023\/01\/okladka_wydobycie_imbigs.jpg 225w, https:\/\/wit.lukasiewicz.gov.pl\/wp-content\/uploads\/sites\/17\/2023\/01\/okladka_wydobycie_imbigs-218x300.jpg 218w\" sizes=\"(max-width: 225px) 100vw, 225px\" \/><\/a><\/figure><div class=\"elementor-image-box-content\"><h3 class=\"elementor-image-box-title\"><a href=\"https:\/\/wit.lukasiewicz.gov.pl\/sklep\/wydobycie-i-produkcja-drobnych-frakcji-kruszyw-naturalnych-oraz-technologie-ich-zagospodarowania\/\" target=\"_blank\">Wydobycie i produkcja drobnych frakcji kruszyw naturalnych oraz technologie ich zagospodarowania<\/a><\/h3><\/div><\/div>\t\t\t\t<\/div>\n\t\t\t\t<\/div>\n\t\t\t\t\t<\/div>\n\t\t<\/div>\n\t\t\t\t<div class=\"elementor-column elementor-col-33 elementor-inner-column elementor-element elementor-element-27c5d2e2\" data-id=\"27c5d2e2\" data-element_type=\"column\" data-e-type=\"column\">\n\t\t\t<div class=\"elementor-widget-wrap elementor-element-populated\">\n\t\t\t\t\t\t<div class=\"elementor-element elementor-element-6937e478 elementor-position-top elementor-widget elementor-widget-image-box\" data-id=\"6937e478\" data-element_type=\"widget\" data-e-type=\"widget\" data-widget_type=\"image-box.default\">\n\t\t\t\t<div class=\"elementor-widget-container\">\n\t\t\t\t\t<div class=\"elementor-image-box-wrapper\"><figure class=\"elementor-image-box-img\"><a href=\"https:\/\/wit.lukasiewicz.gov.pl\/sklep\/reaktywnosc-alkaliczna-kruszyw-weglanowych\/\" target=\"_blank\" tabindex=\"-1\"><img decoding=\"async\" width=\"225\" height=\"310\" src=\"https:\/\/wit.lukasiewicz.gov.pl\/wp-content\/uploads\/sites\/17\/2023\/01\/reaktywnosc_kruszyw_weglanowych_0.jpg\" class=\"attachment-full size-full wp-image-39462\" alt=\"\" srcset=\"https:\/\/wit.lukasiewicz.gov.pl\/wp-content\/uploads\/sites\/17\/2023\/01\/reaktywnosc_kruszyw_weglanowych_0.jpg 225w, https:\/\/wit.lukasiewicz.gov.pl\/wp-content\/uploads\/sites\/17\/2023\/01\/reaktywnosc_kruszyw_weglanowych_0-218x300.jpg 218w\" sizes=\"(max-width: 225px) 100vw, 225px\" \/><\/a><\/figure><div class=\"elementor-image-box-content\"><h3 class=\"elementor-image-box-title\"><a href=\"https:\/\/wit.lukasiewicz.gov.pl\/sklep\/reaktywnosc-alkaliczna-kruszyw-weglanowych\/\" target=\"_blank\">Reaktywno\u015b\u0107 alkaliczna kruszyw w\u0119glanowych<\/a><\/h3><\/div><\/div>\t\t\t\t<\/div>\n\t\t\t\t<\/div>\n\t\t\t\t\t<\/div>\n\t\t<\/div>\n\t\t\t\t\t<\/div>\n\t\t<\/section>\n\t\t\t\t<section class=\"elementor-section elementor-inner-section elementor-element elementor-element-93912de elementor-section-boxed elementor-section-height-default elementor-section-height-default\" data-id=\"93912de\" data-element_type=\"section\" data-e-type=\"section\">\n\t\t\t\t\t\t<div class=\"elementor-container elementor-column-gap-default\">\n\t\t\t\t\t<div class=\"elementor-column elementor-col-33 elementor-inner-column elementor-element elementor-element-cb315cc\" data-id=\"cb315cc\" data-element_type=\"column\" data-e-type=\"column\">\n\t\t\t<div class=\"elementor-widget-wrap elementor-element-populated\">\n\t\t\t\t\t\t<div class=\"elementor-element elementor-element-5655641 elementor-position-top elementor-widget elementor-widget-image-box\" data-id=\"5655641\" data-element_type=\"widget\" data-e-type=\"widget\" data-widget_type=\"image-box.default\">\n\t\t\t\t<div class=\"elementor-widget-container\">\n\t\t\t\t\t<div class=\"elementor-image-box-wrapper\"><figure class=\"elementor-image-box-img\"><a href=\"https:\/\/wit.lukasiewicz.gov.pl\/sklep\/innowacje-technologiczne-w-przedsiebiorstwach-projektowanie-wdrazanie-i-uzytkowanie\/\" target=\"_blank\" tabindex=\"-1\"><img loading=\"lazy\" decoding=\"async\" width=\"225\" height=\"310\" src=\"https:\/\/wit.lukasiewicz.gov.pl\/wp-content\/uploads\/sites\/17\/2023\/01\/innowacje_okladka.jpg\" class=\"attachment-full size-full wp-image-39463\" alt=\"\" srcset=\"https:\/\/wit.lukasiewicz.gov.pl\/wp-content\/uploads\/sites\/17\/2023\/01\/innowacje_okladka.jpg 225w, https:\/\/wit.lukasiewicz.gov.pl\/wp-content\/uploads\/sites\/17\/2023\/01\/innowacje_okladka-218x300.jpg 218w\" sizes=\"(max-width: 225px) 100vw, 225px\" \/><\/a><\/figure><div class=\"elementor-image-box-content\"><h3 class=\"elementor-image-box-title\"><a href=\"https:\/\/wit.lukasiewicz.gov.pl\/sklep\/innowacje-technologiczne-w-przedsiebiorstwach-projektowanie-wdrazanie-i-uzytkowanie\/\" target=\"_blank\">Innowacje technologiczne w przedsi\u0119biorstwach. Projektowanie, wdra\u017canie i u\u017cytkowanie <\/a><\/h3><\/div><\/div>\t\t\t\t<\/div>\n\t\t\t\t<\/div>\n\t\t\t\t\t<\/div>\n\t\t<\/div>\n\t\t\t\t<div class=\"elementor-column elementor-col-33 elementor-inner-column elementor-element elementor-element-8283ca3\" data-id=\"8283ca3\" data-element_type=\"column\" data-e-type=\"column\">\n\t\t\t<div class=\"elementor-widget-wrap elementor-element-populated\">\n\t\t\t\t\t\t<div class=\"elementor-element elementor-element-f5f3a24 elementor-position-top elementor-widget elementor-widget-image-box\" data-id=\"f5f3a24\" data-element_type=\"widget\" data-e-type=\"widget\" data-widget_type=\"image-box.default\">\n\t\t\t\t<div class=\"elementor-widget-container\">\n\t\t\t\t\t<div class=\"elementor-image-box-wrapper\"><figure class=\"elementor-image-box-img\"><a href=\"https:\/\/wit.lukasiewicz.gov.pl\/sklep\/certyfikacja-w-dzialalnosci-gospodarczej-i-rozwojowej\/\" target=\"_blank\" tabindex=\"-1\"><img loading=\"lazy\" decoding=\"async\" width=\"225\" height=\"310\" src=\"https:\/\/wit.lukasiewicz.gov.pl\/wp-content\/uploads\/sites\/17\/2023\/01\/okladka_certyfikacja.jpg\" class=\"attachment-full size-full wp-image-39464\" alt=\"\" srcset=\"https:\/\/wit.lukasiewicz.gov.pl\/wp-content\/uploads\/sites\/17\/2023\/01\/okladka_certyfikacja.jpg 225w, https:\/\/wit.lukasiewicz.gov.pl\/wp-content\/uploads\/sites\/17\/2023\/01\/okladka_certyfikacja-218x300.jpg 218w\" sizes=\"(max-width: 225px) 100vw, 225px\" \/><\/a><\/figure><div class=\"elementor-image-box-content\"><h3 class=\"elementor-image-box-title\"><a href=\"https:\/\/wit.lukasiewicz.gov.pl\/sklep\/certyfikacja-w-dzialalnosci-gospodarczej-i-rozwojowej\/\" target=\"_blank\">Certyfikacja w dzia\u0142alno\u015bci gospodarczej i rozwojowej<\/a><\/h3><\/div><\/div>\t\t\t\t<\/div>\n\t\t\t\t<\/div>\n\t\t\t\t\t<\/div>\n\t\t<\/div>\n\t\t\t\t<div class=\"elementor-column elementor-col-33 elementor-inner-column elementor-element elementor-element-844943e\" data-id=\"844943e\" data-element_type=\"column\" data-e-type=\"column\">\n\t\t\t<div class=\"elementor-widget-wrap elementor-element-populated\">\n\t\t\t\t\t\t<div class=\"elementor-element elementor-element-f1bb110 elementor-position-top elementor-widget elementor-widget-image-box\" data-id=\"f1bb110\" data-element_type=\"widget\" data-e-type=\"widget\" data-widget_type=\"image-box.default\">\n\t\t\t\t<div class=\"elementor-widget-container\">\n\t\t\t\t\t<div class=\"elementor-image-box-wrapper\"><figure class=\"elementor-image-box-img\"><a href=\"https:\/\/wit.lukasiewicz.gov.pl\/sklep\/koparkoladowarki-maszynoznawstwo-specjalistyczne\/\" target=\"_blank\" tabindex=\"-1\"><img loading=\"lazy\" decoding=\"async\" width=\"225\" height=\"310\" src=\"https:\/\/wit.lukasiewicz.gov.pl\/wp-content\/uploads\/sites\/17\/2023\/01\/koparkoladowarki_okladka.jpg\" class=\"attachment-full size-full wp-image-39465\" alt=\"\" srcset=\"https:\/\/wit.lukasiewicz.gov.pl\/wp-content\/uploads\/sites\/17\/2023\/01\/koparkoladowarki_okladka.jpg 225w, https:\/\/wit.lukasiewicz.gov.pl\/wp-content\/uploads\/sites\/17\/2023\/01\/koparkoladowarki_okladka-218x300.jpg 218w\" sizes=\"(max-width: 225px) 100vw, 225px\" \/><\/a><\/figure><div class=\"elementor-image-box-content\"><h3 class=\"elementor-image-box-title\"><a href=\"https:\/\/wit.lukasiewicz.gov.pl\/sklep\/koparkoladowarki-maszynoznawstwo-specjalistyczne\/\" target=\"_blank\">Koparko\u0142adowarki. Maszynoznawstwo specjalistyczne <\/a><\/h3><\/div><\/div>\t\t\t\t<\/div>\n\t\t\t\t<\/div>\n\t\t\t\t\t<\/div>\n\t\t<\/div>\n\t\t\t\t\t<\/div>\n\t\t<\/section>\n\t\t\t\t<section class=\"elementor-section elementor-inner-section elementor-element elementor-element-4c9714f elementor-section-boxed elementor-section-height-default elementor-section-height-default\" data-id=\"4c9714f\" data-element_type=\"section\" data-e-type=\"section\">\n\t\t\t\t\t\t<div class=\"elementor-container elementor-column-gap-default\">\n\t\t\t\t\t<div class=\"elementor-column elementor-col-33 elementor-inner-column elementor-element elementor-element-abbf939\" data-id=\"abbf939\" data-element_type=\"column\" data-e-type=\"column\">\n\t\t\t<div class=\"elementor-widget-wrap elementor-element-populated\">\n\t\t\t\t\t\t<div class=\"elementor-element elementor-element-13414de elementor-position-top elementor-widget elementor-widget-image-box\" data-id=\"13414de\" data-element_type=\"widget\" data-e-type=\"widget\" data-widget_type=\"image-box.default\">\n\t\t\t\t<div class=\"elementor-widget-container\">\n\t\t\t\t\t<div class=\"elementor-image-box-wrapper\"><figure class=\"elementor-image-box-img\"><a href=\"https:\/\/wit.lukasiewicz.gov.pl\/sklep\/2000-slow-z-zakresu-maszyn-i-urzadzen-budowlanych-po-polsku-angielsku-francusku-i-niemiecku\/\" target=\"_blank\" tabindex=\"-1\"><img loading=\"lazy\" decoding=\"async\" width=\"225\" height=\"310\" src=\"https:\/\/wit.lukasiewicz.gov.pl\/wp-content\/uploads\/sites\/17\/2023\/01\/2000_slow_okladka.jpg\" class=\"attachment-full size-full wp-image-39466\" alt=\"\" srcset=\"https:\/\/wit.lukasiewicz.gov.pl\/wp-content\/uploads\/sites\/17\/2023\/01\/2000_slow_okladka.jpg 225w, https:\/\/wit.lukasiewicz.gov.pl\/wp-content\/uploads\/sites\/17\/2023\/01\/2000_slow_okladka-218x300.jpg 218w\" sizes=\"(max-width: 225px) 100vw, 225px\" \/><\/a><\/figure><div class=\"elementor-image-box-content\"><h3 class=\"elementor-image-box-title\"><a href=\"https:\/\/wit.lukasiewicz.gov.pl\/sklep\/2000-slow-z-zakresu-maszyn-i-urzadzen-budowlanych-po-polsku-angielsku-francusku-i-niemiecku\/\" target=\"_blank\">2000 s\u0142\u00f3w z zakresu maszyn i urz\u0105dze\u0144 budowlanych po polsku, angielsku, francusku i niemiecku<\/a><\/h3><\/div><\/div>\t\t\t\t<\/div>\n\t\t\t\t<\/div>\n\t\t\t\t\t<\/div>\n\t\t<\/div>\n\t\t\t\t<div class=\"elementor-column elementor-col-33 elementor-inner-column elementor-element elementor-element-edc798a\" data-id=\"edc798a\" data-element_type=\"column\" data-e-type=\"column\">\n\t\t\t<div class=\"elementor-widget-wrap elementor-element-populated\">\n\t\t\t\t\t\t<div class=\"elementor-element elementor-element-f095f41 elementor-position-top elementor-widget elementor-widget-image-box\" data-id=\"f095f41\" data-element_type=\"widget\" data-e-type=\"widget\" data-widget_type=\"image-box.default\">\n\t\t\t\t<div class=\"elementor-widget-container\">\n\t\t\t\t\t<div class=\"elementor-image-box-wrapper\"><figure class=\"elementor-image-box-img\"><a href=\"https:\/\/wit.lukasiewicz.gov.pl\/sklep\/historia-koparek-i-poglebiarek-do-poczatkow-xx-wieku\/\" target=\"_blank\" tabindex=\"-1\"><img loading=\"lazy\" decoding=\"async\" width=\"225\" height=\"310\" src=\"https:\/\/wit.lukasiewicz.gov.pl\/wp-content\/uploads\/sites\/17\/2023\/01\/historia_koparek_okladka.png\" class=\"attachment-full size-full wp-image-39467\" alt=\"\" srcset=\"https:\/\/wit.lukasiewicz.gov.pl\/wp-content\/uploads\/sites\/17\/2023\/01\/historia_koparek_okladka.png 225w, https:\/\/wit.lukasiewicz.gov.pl\/wp-content\/uploads\/sites\/17\/2023\/01\/historia_koparek_okladka-218x300.png 218w\" sizes=\"(max-width: 225px) 100vw, 225px\" \/><\/a><\/figure><div class=\"elementor-image-box-content\"><h3 class=\"elementor-image-box-title\"><a href=\"https:\/\/wit.lukasiewicz.gov.pl\/sklep\/historia-koparek-i-poglebiarek-do-poczatkow-xx-wieku\/\" target=\"_blank\">Historia koparek i pog\u0142\u0119biarek do pocz\u0105tk\u00f3w XX wieku<\/a><\/h3><\/div><\/div>\t\t\t\t<\/div>\n\t\t\t\t<\/div>\n\t\t\t\t\t<\/div>\n\t\t<\/div>\n\t\t\t\t<div class=\"elementor-column elementor-col-33 elementor-inner-column elementor-element elementor-element-643f10f\" data-id=\"643f10f\" data-element_type=\"column\" data-e-type=\"column\">\n\t\t\t<div class=\"elementor-widget-wrap elementor-element-populated\">\n\t\t\t\t\t\t<div class=\"elementor-element elementor-element-e5d048e elementor-position-top elementor-widget elementor-widget-image-box\" data-id=\"e5d048e\" data-element_type=\"widget\" data-e-type=\"widget\" data-widget_type=\"image-box.default\">\n\t\t\t\t<div class=\"elementor-widget-container\">\n\t\t\t\t\t<div class=\"elementor-image-box-wrapper\"><figure class=\"elementor-image-box-img\"><a href=\"https:\/\/wit.lukasiewicz.gov.pl\/sklep\/historia-zurawi-i-kafarow-do-poczatku-xx-wieku\/\" target=\"_blank\" tabindex=\"-1\"><img loading=\"lazy\" decoding=\"async\" width=\"225\" height=\"310\" src=\"https:\/\/wit.lukasiewicz.gov.pl\/wp-content\/uploads\/sites\/17\/2023\/01\/historia_zurawi_okladka.jpg\" class=\"attachment-full size-full wp-image-39468\" alt=\"\" srcset=\"https:\/\/wit.lukasiewicz.gov.pl\/wp-content\/uploads\/sites\/17\/2023\/01\/historia_zurawi_okladka.jpg 225w, https:\/\/wit.lukasiewicz.gov.pl\/wp-content\/uploads\/sites\/17\/2023\/01\/historia_zurawi_okladka-218x300.jpg 218w\" sizes=\"(max-width: 225px) 100vw, 225px\" \/><\/a><\/figure><div class=\"elementor-image-box-content\"><h3 class=\"elementor-image-box-title\"><a href=\"https:\/\/wit.lukasiewicz.gov.pl\/sklep\/historia-zurawi-i-kafarow-do-poczatku-xx-wieku\/\" target=\"_blank\">Historia \u017curawi i kafar\u00f3w do pocz\u0105tku XX wieku<\/a><\/h3><\/div><\/div>\t\t\t\t<\/div>\n\t\t\t\t<\/div>\n\t\t\t\t\t<\/div>\n\t\t<\/div>\n\t\t\t\t\t<\/div>\n\t\t<\/section>\n\t\t\t\t<section class=\"elementor-section elementor-inner-section elementor-element elementor-element-b139999 elementor-section-boxed elementor-section-height-default elementor-section-height-default\" data-id=\"b139999\" data-element_type=\"section\" data-e-type=\"section\">\n\t\t\t\t\t\t<div class=\"elementor-container elementor-column-gap-default\">\n\t\t\t\t\t<div class=\"elementor-column elementor-col-33 elementor-inner-column elementor-element elementor-element-a5add25\" data-id=\"a5add25\" data-element_type=\"column\" data-e-type=\"column\">\n\t\t\t<div class=\"elementor-widget-wrap elementor-element-populated\">\n\t\t\t\t\t\t<div class=\"elementor-element elementor-element-72b724c elementor-position-top elementor-widget elementor-widget-image-box\" data-id=\"72b724c\" data-element_type=\"widget\" data-e-type=\"widget\" data-widget_type=\"image-box.default\">\n\t\t\t\t<div class=\"elementor-widget-container\">\n\t\t\t\t\t<div class=\"elementor-image-box-wrapper\"><figure class=\"elementor-image-box-img\"><a href=\"https:\/\/wit.lukasiewicz.gov.pl\/sklep\/energia-rozdrabniania\/\" target=\"_blank\" tabindex=\"-1\"><img loading=\"lazy\" decoding=\"async\" width=\"225\" height=\"310\" src=\"https:\/\/wit.lukasiewicz.gov.pl\/wp-content\/uploads\/sites\/17\/2023\/01\/energia_rozdrabniania_okladka.jpg\" class=\"attachment-full size-full wp-image-39469\" alt=\"\" srcset=\"https:\/\/wit.lukasiewicz.gov.pl\/wp-content\/uploads\/sites\/17\/2023\/01\/energia_rozdrabniania_okladka.jpg 225w, https:\/\/wit.lukasiewicz.gov.pl\/wp-content\/uploads\/sites\/17\/2023\/01\/energia_rozdrabniania_okladka-218x300.jpg 218w\" sizes=\"(max-width: 225px) 100vw, 225px\" \/><\/a><\/figure><div class=\"elementor-image-box-content\"><h3 class=\"elementor-image-box-title\"><a href=\"https:\/\/wit.lukasiewicz.gov.pl\/sklep\/energia-rozdrabniania\/\" target=\"_blank\">Energia rozdrabniania<\/a><\/h3><\/div><\/div>\t\t\t\t<\/div>\n\t\t\t\t<\/div>\n\t\t\t\t\t<\/div>\n\t\t<\/div>\n\t\t\t\t<div class=\"elementor-column elementor-col-33 elementor-inner-column elementor-element elementor-element-353903c\" data-id=\"353903c\" data-element_type=\"column\" data-e-type=\"column\">\n\t\t\t<div class=\"elementor-widget-wrap elementor-element-populated\">\n\t\t\t\t\t\t<div class=\"elementor-element elementor-element-859daf8 elementor-position-top elementor-widget elementor-widget-image-box\" data-id=\"859daf8\" data-element_type=\"widget\" data-e-type=\"widget\" data-widget_type=\"image-box.default\">\n\t\t\t\t<div class=\"elementor-widget-container\">\n\t\t\t\t\t<div class=\"elementor-image-box-wrapper\"><figure class=\"elementor-image-box-img\"><a href=\"https:\/\/wit.lukasiewicz.gov.pl\/sklep\/mechanizacja-produkcji-i-transportu-mieszanki-betonowej-wczoraj-i-dzis\/\" target=\"_blank\" tabindex=\"-1\"><img loading=\"lazy\" decoding=\"async\" width=\"225\" height=\"310\" src=\"https:\/\/wit.lukasiewicz.gov.pl\/wp-content\/uploads\/sites\/17\/2023\/01\/mechanizacja_produkcji_okladka.jpg\" class=\"attachment-full size-full wp-image-39470\" alt=\"\" srcset=\"https:\/\/wit.lukasiewicz.gov.pl\/wp-content\/uploads\/sites\/17\/2023\/01\/mechanizacja_produkcji_okladka.jpg 225w, https:\/\/wit.lukasiewicz.gov.pl\/wp-content\/uploads\/sites\/17\/2023\/01\/mechanizacja_produkcji_okladka-218x300.jpg 218w\" sizes=\"(max-width: 225px) 100vw, 225px\" \/><\/a><\/figure><div class=\"elementor-image-box-content\"><h3 class=\"elementor-image-box-title\"><a href=\"https:\/\/wit.lukasiewicz.gov.pl\/sklep\/mechanizacja-produkcji-i-transportu-mieszanki-betonowej-wczoraj-i-dzis\/\" target=\"_blank\">Mechanizacja produkcji i transportu mieszanki betonowej. Wczoraj i dzi\u015b <\/a><\/h3><\/div><\/div>\t\t\t\t<\/div>\n\t\t\t\t<\/div>\n\t\t\t\t\t<\/div>\n\t\t<\/div>\n\t\t\t\t<div class=\"elementor-column elementor-col-33 elementor-inner-column elementor-element elementor-element-f817789\" data-id=\"f817789\" data-element_type=\"column\" data-e-type=\"column\">\n\t\t\t<div class=\"elementor-widget-wrap elementor-element-populated\">\n\t\t\t\t\t\t<div class=\"elementor-element elementor-element-37909a9 elementor-position-top elementor-widget elementor-widget-image-box\" data-id=\"37909a9\" data-element_type=\"widget\" data-e-type=\"widget\" data-widget_type=\"image-box.default\">\n\t\t\t\t<div class=\"elementor-widget-container\">\n\t\t\t\t\t<div class=\"elementor-image-box-wrapper\"><figure class=\"elementor-image-box-img\"><a href=\"https:\/\/wit.lukasiewicz.gov.pl\/sklep\/surowce-krytyczne-i-strategiczne-w-polsce\/\" target=\"_blank\" tabindex=\"-1\"><img loading=\"lazy\" decoding=\"async\" width=\"225\" height=\"310\" src=\"https:\/\/wit.lukasiewicz.gov.pl\/wp-content\/uploads\/sites\/17\/2023\/01\/surowce_okladka.jpg\" class=\"attachment-full size-full wp-image-39471\" alt=\"\" srcset=\"https:\/\/wit.lukasiewicz.gov.pl\/wp-content\/uploads\/sites\/17\/2023\/01\/surowce_okladka.jpg 225w, https:\/\/wit.lukasiewicz.gov.pl\/wp-content\/uploads\/sites\/17\/2023\/01\/surowce_okladka-218x300.jpg 218w\" sizes=\"(max-width: 225px) 100vw, 225px\" \/><\/a><\/figure><div class=\"elementor-image-box-content\"><h3 class=\"elementor-image-box-title\"><a href=\"https:\/\/wit.lukasiewicz.gov.pl\/sklep\/surowce-krytyczne-i-strategiczne-w-polsce\/\" target=\"_blank\">Surowce krytyczne i strategiczne w Polsce<\/a><\/h3><\/div><\/div>\t\t\t\t<\/div>\n\t\t\t\t<\/div>\n\t\t\t\t\t<\/div>\n\t\t<\/div>\n\t\t\t\t\t<\/div>\n\t\t<\/section>\n\t\t\t\t<\/div>\n\t\t","protected":false},"excerpt":{"rendered":"<p>SHOP Shop Technika wzbogacania grawitacyjnego. Separatory powietrzno-wibracyjne typu FGX Wydobycie i produkcja drobnych frakcji kruszyw naturalnych oraz technologie ich zagospodarowania Reaktywno\u015b\u0107 alkaliczna kruszyw w\u0119glanowych Innowacje technologiczne w przedsi\u0119biorstwach. Projektowanie, wdra\u017canie i u\u017cytkowanie Certyfikacja w dzia\u0142alno\u015bci gospodarczej i rozwojowej Koparko\u0142adowarki. Maszynoznawstwo specjalistyczne 2000 s\u0142\u00f3w z zakresu maszyn i urz\u0105dze\u0144 budowlanych po polsku, angielsku, francusku i niemiecku [&hellip;]<\/p>\n","protected":false},"author":21,"featured_media":0,"parent":0,"menu_order":0,"comment_status":"closed","ping_status":"closed","template":"","meta":{"_acf_changed":false,"_seopress_robots_primary_cat":"","_seopress_titles_title":"","_seopress_titles_desc":"","_seopress_robots_index":"","inline_featured_image":false,"footnotes":""},"class_list":["post-48659","page","type-page","status-publish","hentry"],"acf":{"page_icon":null},"publishpress_future_action":{"enabled":false,"date":"2026-04-21 22:34:16","action":"change-status","newStatus":"draft","terms":[],"taxonomy":"translation_priority","extraData":[]},"publishpress_future_workflow_manual_trigger":{"enabledWorkflows":[]},"_links":{"self":[{"href":"https:\/\/wit.lukasiewicz.gov.pl\/en\/wp-json\/wp\/v2\/pages\/48659","targetHints":{"allow":["GET"]}}],"collection":[{"href":"https:\/\/wit.lukasiewicz.gov.pl\/en\/wp-json\/wp\/v2\/pages"}],"about":[{"href":"https:\/\/wit.lukasiewicz.gov.pl\/en\/wp-json\/wp\/v2\/types\/page"}],"author":[{"embeddable":true,"href":"https:\/\/wit.lukasiewicz.gov.pl\/en\/wp-json\/wp\/v2\/users\/21"}],"replies":[{"embeddable":true,"href":"https:\/\/wit.lukasiewicz.gov.pl\/en\/wp-json\/wp\/v2\/comments?post=48659"}],"version-history":[{"count":1,"href":"https:\/\/wit.lukasiewicz.gov.pl\/en\/wp-json\/wp\/v2\/pages\/48659\/revisions"}],"predecessor-version":[{"id":48660,"href":"https:\/\/wit.lukasiewicz.gov.pl\/en\/wp-json\/wp\/v2\/pages\/48659\/revisions\/48660"}],"wp:attachment":[{"href":"https:\/\/wit.lukasiewicz.gov.pl\/en\/wp-json\/wp\/v2\/media?parent=48659"}],"curies":[{"name":"wp","href":"https:\/\/api.w.org\/{rel}","templated":true}]}}